{"id":8890,"date":"2022-08-03T13:43:26","date_gmt":"2022-08-03T11:43:26","guid":{"rendered":"https:\/\/congopubonline.com\/?page_id=8890"},"modified":"2024-08-22T12:26:24","modified_gmt":"2024-08-22T10:26:24","slug":"attribution-des-marches","status":"publish","type":"page","link":"https:\/\/congopubonline.com\/?page_id=8890","title":{"rendered":"ATTRIBUTION DES MARCH\u00c9S"},"content":{"rendered":"\t\t<div data-elementor-type=\"wp-page\" data-elementor-id=\"8890\" class=\"elementor elementor-8890\">\n\t\t\t\t\t\t<section class=\"penci-section penci-disSticky penci-structure-20 elementor-section elementor-top-section elementor-element elementor-element-c90baec elementor-section-boxed elementor-section-height-default elementor-section-height-default\" data-id=\"c90baec\" data-element_type=\"section\">\n\t\t\t\t\t\t<div class=\"elementor-container elementor-column-gap-custom\">\n\t\t\t\t\t<div class=\"penci-ercol-50 penci-ercol-order-1 penci-sticky-ct  elementor-column elementor-col-50 elementor-top-column elementor-element elementor-element-7be5b39f\" data-id=\"7be5b39f\" data-element_type=\"column\">\n\t\t\t<div class=\"elementor-widget-wrap elementor-element-populated\">\n\t\t\t\t\t\t<div class=\"elementor-element elementor-element-17acf25d elementor-widget elementor-widget-image-carousel\" data-id=\"17acf25d\" data-element_type=\"widget\" data-settings=\"{&quot;slides_to_show&quot;:&quot;1&quot;,&quot;navigation&quot;:&quot;none&quot;,&quot;autoplay&quot;:&quot;yes&quot;,&quot;pause_on_hover&quot;:&quot;yes&quot;,&quot;pause_on_interaction&quot;:&quot;yes&quot;,&quot;autoplay_speed&quot;:5000,&quot;infinite&quot;:&quot;yes&quot;,&quot;effect&quot;:&quot;slide&quot;,&quot;speed&quot;:500}\" data-widget_type=\"image-carousel.default\">\n\t\t\t\t<div class=\"elementor-widget-container\">\n\t\t\t\t\t\t\t<div class=\"elementor-image-carousel-wrapper swiper\" role=\"region\" aria-roledescription=\"carousel\" aria-label=\"Carrousel d\u2019images\" dir=\"ltr\">\n\t\t\t<div class=\"elementor-image-carousel swiper-wrapper\" aria-live=\"off\">\n\t\t\t\t\t\t\t\t<div class=\"swiper-slide\" role=\"group\" aria-roledescription=\"slide\" aria-label=\"1 sur 2\"><figure class=\"swiper-slide-inner\"><img decoding=\"async\" class=\"swiper-slide-image\" src=\"https:\/\/congopubonline.com\/wp-content\/uploads\/elementor\/thumbs\/FlashApp-pzvpj19e0qlyt2fhyxo1romp0zia8erfca0cqlg8a0.jpg\" alt=\"FlashApp\" \/><\/figure><\/div><div class=\"swiper-slide\" role=\"group\" aria-roledescription=\"slide\" aria-label=\"2 sur 2\"><figure class=\"swiper-slide-inner\"><img decoding=\"async\" class=\"swiper-slide-image\" src=\"https:\/\/congopubonline.com\/wp-content\/uploads\/elementor\/thumbs\/canal-pub-pzvpnre6dr2v6hkddh7iszp4jq7pxmiubo38lofyzs.png\" alt=\"canal+ pub\" \/><\/figure><\/div>\t\t\t<\/div>\n\t\t\t\t\t\t\t\n\t\t\t\t\t\t\t\t\t<\/div>\n\t\t\t\t\t\t<\/div>\n\t\t\t\t<\/div>\n\t\t\t\t\t<\/div>\n\t\t<\/div>\n\t\t\t\t<div class=\"penci-ercol-50 penci-ercol-order-2 penci-sticky-ct  elementor-column elementor-col-50 elementor-top-column elementor-element elementor-element-365307a4\" data-id=\"365307a4\" data-element_type=\"column\">\n\t\t\t<div class=\"elementor-widget-wrap elementor-element-populated\">\n\t\t\t\t\t\t<div class=\"elementor-element elementor-element-7dac9173 elementor-widget elementor-widget-image-carousel\" data-id=\"7dac9173\" data-element_type=\"widget\" data-settings=\"{&quot;slides_to_show&quot;:&quot;1&quot;,&quot;navigation&quot;:&quot;none&quot;,&quot;autoplay&quot;:&quot;yes&quot;,&quot;pause_on_hover&quot;:&quot;yes&quot;,&quot;pause_on_interaction&quot;:&quot;yes&quot;,&quot;autoplay_speed&quot;:5000,&quot;infinite&quot;:&quot;yes&quot;,&quot;effect&quot;:&quot;slide&quot;,&quot;speed&quot;:500}\" data-widget_type=\"image-carousel.default\">\n\t\t\t\t<div class=\"elementor-widget-container\">\n\t\t\t\t\t\t\t<div class=\"elementor-image-carousel-wrapper swiper\" role=\"region\" aria-roledescription=\"carousel\" aria-label=\"Carrousel d\u2019images\" dir=\"ltr\">\n\t\t\t<div class=\"elementor-image-carousel swiper-wrapper\" aria-live=\"off\">\n\t\t\t\t\t\t\t\t<div class=\"swiper-slide\" role=\"group\" aria-roledescription=\"slide\" aria-label=\"1 sur 2\"><figure class=\"swiper-slide-inner\"><img decoding=\"async\" class=\"swiper-slide-image\" src=\"https:\/\/congopubonline.com\/wp-content\/uploads\/elementor\/thumbs\/unionswesterne-q0xn3z66ay8er3f3litm8lauxlhd6dakockj1415ns.png\" alt=\"unionswesterne\" \/><\/figure><\/div><div class=\"swiper-slide\" role=\"group\" aria-roledescription=\"slide\" aria-label=\"2 sur 2\"><figure class=\"swiper-slide-inner\"><img decoding=\"async\" class=\"swiper-slide-image\" src=\"https:\/\/congopubonline.com\/wp-content\/uploads\/elementor\/thumbs\/Mirak-2-q49qstdg638hlgzicbh7j51etwg92q9wadezls0l48.jpg\" alt=\"Mirak\" \/><\/figure><\/div>\t\t\t<\/div>\n\t\t\t\t\t\t\t\n\t\t\t\t\t\t\t\t\t<\/div>\n\t\t\t\t\t\t<\/div>\n\t\t\t\t<\/div>\n\t\t\t\t\t<\/div>\n\t\t<\/div>\n\t\t\t\t\t<\/div>\n\t\t<\/section>\n\t\t\t\t<section class=\"penci-section penci-disSticky penci-structure-20 elementor-section elementor-top-section elementor-element elementor-element-203a525b elementor-section-boxed elementor-section-height-default elementor-section-height-default\" data-id=\"203a525b\" data-element_type=\"section\">\n\t\t\t\t\t\t<div class=\"elementor-container elementor-column-gap-default\">\n\t\t\t\t\t<div class=\"penci-ercol-50 penci-ercol-order-1 penci-sticky-ct  elementor-column elementor-col-50 elementor-top-column elementor-element elementor-element-688b19cd\" data-id=\"688b19cd\" data-element_type=\"column\">\n\t\t\t<div class=\"elementor-widget-wrap elementor-element-populated\">\n\t\t\t\t\t\t<div class=\"elementor-element elementor-element-3dcba22b elementor-widget elementor-widget-spacer\" data-id=\"3dcba22b\" data-element_type=\"widget\" data-widget_type=\"spacer.default\">\n\t\t\t\t<div class=\"elementor-widget-container\">\n\t\t\t\t\t\t\t<div class=\"elementor-spacer\">\n\t\t\t<div class=\"elementor-spacer-inner\"><\/div>\n\t\t<\/div>\n\t\t\t\t\t\t<\/div>\n\t\t\t\t<\/div>\n\t\t\t\t<section class=\"penci-section penci-disSticky penci-structure-20 elementor-section elementor-inner-section elementor-element elementor-element-3d273c8 elementor-section-content-top elementor-section-boxed elementor-section-height-default elementor-section-height-default\" data-id=\"3d273c8\" data-element_type=\"section\">\n\t\t\t\t\t\t<div class=\"elementor-container elementor-column-gap-no\">\n\t\t\t\t\t<div class=\"penci-ercol-50 penci-ercol-order-1 penci-sticky-ct  elementor-column elementor-col-50 elementor-inner-column elementor-element elementor-element-c3f676f\" data-id=\"c3f676f\" data-element_type=\"column\">\n\t\t\t<div class=\"elementor-widget-wrap\">\n\t\t\t\t\t\t\t<\/div>\n\t\t<\/div>\n\t\t\t\t<div class=\"penci-ercol-50 penci-ercol-order-2 penci-sticky-ct  elementor-column elementor-col-50 elementor-inner-column elementor-element elementor-element-4acf150\" data-id=\"4acf150\" data-element_type=\"column\">\n\t\t\t<div class=\"elementor-widget-wrap elementor-element-populated\">\n\t\t\t\t\t\t<div class=\"elementor-element elementor-element-2111bbe elementor-widget elementor-widget-penci-small-list\" data-id=\"2111bbe\" data-element_type=\"widget\" data-widget_type=\"penci-small-list.default\">\n\t\t\t\t<div class=\"elementor-widget-container\">\n\t\t\t\t\t<script>if( typeof(penciBlock) === \"undefined\" ) {function penciBlock() { this.atts_json = ''; this.content = ''; }}var penciBlocksArray = penciBlocksArray || [];var PENCILOCALCACHE = PENCILOCALCACHE || {};var pcblock_9243 = new penciBlock();pcblock_9243.blockID=\"pcblock_9243\";pcblock_9243.atts_json = '{\"type\":\"nlist\",\"dformat\":\"\",\"date_pos\":\"left\",\"column\":\"3\",\"tab_column\":\"\",\"mb_column\":\"\",\"imgpos\":\"left\",\"thumb_size\":\"\",\"mthumb_size\":\"\",\"post_meta\":[\"title\"],\"primary_cat\":\"\",\"title_length\":50,\"excerpt_pos\":\"below\",\"rmstyle\":\"text\",\"excerpt_length\":14,\"nocrop\":\"\",\"hide_cat_mobile\":\"\",\"hide_meta_mobile\":\"\",\"hide_excerpt_mobile\":\"\",\"hide_rm_mobile\":\"\",\"imgtop_mobile\":\"\",\"ver_border\":\"\",\"hide_thumb\":\"\",\"show_reviewpie\":\"\",\"show_formaticon\":\"\",\"disable_lazy\":\"\",\"show_excerpt\":\"yes\",\"show_readmore\":\"yes\",\"query\":{\"orderby\":\"date\",\"order\":\"desc\",\"ignore_sticky_posts\":1,\"post_status\":\"publish\",\"post__not_in\":[],\"post_type\":\"post\",\"posts_per_page\":2,\"tax_query\":[{\"taxonomy\":\"category\",\"field\":\"term_id\",\"terms\":[\"45\"]},{\"taxonomy\":\"category\",\"field\":\"term_id\",\"terms\":[\"1\"],\"operator\":\"NOT IN\"}],\"paged\":1},\"category_ids\":\"\",\"taxonomy\":\"\"}';penciBlocksArray.push(pcblock_9243);<\/script>        <div class=\"penci-wrapper-smalllist\">\r\n\t\t\t        <div class=\"penci-border-arrow penci-homepage-title penci-home-latest-posts style-11 pcalign-left pciconp-right pcicon-right block-title-icon-left\">\r\n            <h3 class=\"inner-arrow\">\r\n                <span>\r\n                    <span>Toutes les attributions<\/a>                <\/span>\r\n            <\/h3>\r\n\t\t\t        <\/div>\r\n\t\t\t\t\t            <div class=\"penci-smalllist-wrapper\">\r\n\t\t\t\t            <\/div>\r\n        <\/div>\r\n\t\t\t\t\t\t<\/div>\n\t\t\t\t<\/div>\n\t\t\t\t\t<\/div>\n\t\t<\/div>\n\t\t\t\t\t<\/div>\n\t\t<\/section>\n\t\t\t\t<div class=\"elementor-element elementor-element-727f0e4 elementor-widget elementor-widget-jobs\" data-id=\"727f0e4\" data-element_type=\"widget\" data-widget_type=\"jobs.default\">\n\t\t\t\t<div class=\"elementor-widget-container\">\n\t\t\t\t\t<div class=\"sjb-page\">\r\n<!-- Start: Jobs Listing Wrapper -->\r\n\r\n\r\n<div class=\"sjb-listing\">\r\n        <!-- start Jobs Listing: List View -->\r\n    <div class=\"list-view\">\r\n        \r\n    <div class=\"no-job-listing\"><img decoding=\"async\" src=\"https:\/\/congopubonline.com\/wp-content\/plugins\/simple-job-board\/public\/images\/not-found.png\" alt=\"Aucun emploi trouv\u00e9.\" id=\"sjb-not-found-v2\"\/><p class=\"no-job-listing-text\">Aucun emploi trouv\u00e9.<\/p><\/div>\r\n    <\/div> <!-- end Jobs Listing: List View -->\r\n<\/div>\r\n<!-- End: Jobs Listing -->\r\n\r\n<div class=\"clearfix\"><\/div>\r\n<\/div>\r\n<!-- End: Jobs Listing Wrapper -->\r\n\r\n\t\t\t\t<\/div>\n\t\t\t\t<\/div>\n\t\t\t\t\t<\/div>\n\t\t<\/div>\n\t\t\t\t<div class=\"penci-ercol-50 penci-ercol-order-3 penci-sticky-ct  elementor-column elementor-col-50 elementor-top-column elementor-element elementor-element-bcc85e9\" data-id=\"bcc85e9\" data-element_type=\"column\">\n\t\t\t<div class=\"elementor-widget-wrap elementor-element-populated\">\n\t\t\t\t\t\t<div class=\"elementor-element elementor-element-2d6b18b elementor-widget elementor-widget-shortcode\" data-id=\"2d6b18b\" data-element_type=\"widget\" data-widget_type=\"shortcode.default\">\n\t\t\t\t<div class=\"elementor-widget-container\">\n\t\t\t\t\t\t\t<div class=\"elementor-shortcode\">\t\t<div data-elementor-type=\"wp-post\" data-elementor-id=\"9850\" class=\"elementor elementor-9850\">\n\t\t\t\t\t\t<section class=\"penci-section penci-disSticky penci-structure-10 elementor-section elementor-top-section elementor-element elementor-element-392788d elementor-section-boxed elementor-section-height-default elementor-section-height-default\" data-id=\"392788d\" data-element_type=\"section\">\n\t\t\t\t\t\t<div class=\"elementor-container elementor-column-gap-default\">\n\t\t\t\t\t<div class=\"penci-ercol-100 penci-ercol-order-1 penci-sticky-ct  elementor-column elementor-col-100 elementor-top-column elementor-element elementor-element-fb2b391\" data-id=\"fb2b391\" data-element_type=\"column\">\n\t\t\t<div class=\"elementor-widget-wrap elementor-element-populated\">\n\t\t\t\t\t\t<div class=\"elementor-element elementor-element-b421ec9 elementor-widget elementor-widget-image-carousel\" data-id=\"b421ec9\" data-element_type=\"widget\" data-settings=\"{&quot;slides_to_show&quot;:&quot;1&quot;,&quot;navigation&quot;:&quot;none&quot;,&quot;autoplay&quot;:&quot;yes&quot;,&quot;pause_on_hover&quot;:&quot;yes&quot;,&quot;pause_on_interaction&quot;:&quot;yes&quot;,&quot;autoplay_speed&quot;:5000,&quot;infinite&quot;:&quot;yes&quot;,&quot;effect&quot;:&quot;slide&quot;,&quot;speed&quot;:500}\" data-widget_type=\"image-carousel.default\">\n\t\t\t\t<div class=\"elementor-widget-container\">\n\t\t\t\t\t\t\t<div class=\"elementor-image-carousel-wrapper swiper\" role=\"region\" aria-roledescription=\"carousel\" aria-label=\"Carrousel d\u2019images\" dir=\"ltr\">\n\t\t\t<div class=\"elementor-image-carousel swiper-wrapper\" aria-live=\"off\">\n\t\t\t\t\t\t\t\t<div class=\"swiper-slide\" role=\"group\" aria-roledescription=\"slide\" aria-label=\"1 sur 3\"><figure class=\"swiper-slide-inner\"><img decoding=\"async\" class=\"swiper-slide-image\" src=\"https:\/\/congopubonline.com\/wp-content\/uploads\/2026\/02\/Metanoia.jpg\" alt=\"Metanoia\" \/><\/figure><\/div><div class=\"swiper-slide\" role=\"group\" aria-roledescription=\"slide\" aria-label=\"2 sur 3\"><figure class=\"swiper-slide-inner\"><img decoding=\"async\" class=\"swiper-slide-image\" src=\"https:\/\/congopubonline.com\/wp-content\/uploads\/2026\/02\/Expo.jpg\" alt=\"Expo\" \/><\/figure><\/div><div class=\"swiper-slide\" role=\"group\" aria-roledescription=\"slide\" aria-label=\"3 sur 3\"><figure class=\"swiper-slide-inner\"><img decoding=\"async\" class=\"swiper-slide-image\" src=\"https:\/\/congopubonline.com\/wp-content\/uploads\/2026\/02\/Gesthemane.jpg\" alt=\"Gesthemane\" \/><\/figure><\/div>\t\t\t<\/div>\n\t\t\t\t\t\t\t\n\t\t\t\t\t\t\t\t\t<\/div>\n\t\t\t\t\t\t<\/div>\n\t\t\t\t<\/div>\n\t\t\t\t<div class=\"elementor-element elementor-element-b088229 elementor-widget elementor-widget-image-carousel\" data-id=\"b088229\" data-element_type=\"widget\" data-settings=\"{&quot;slides_to_show&quot;:&quot;1&quot;,&quot;navigation&quot;:&quot;none&quot;,&quot;autoplay&quot;:&quot;yes&quot;,&quot;pause_on_hover&quot;:&quot;yes&quot;,&quot;pause_on_interaction&quot;:&quot;yes&quot;,&quot;autoplay_speed&quot;:5000,&quot;infinite&quot;:&quot;yes&quot;,&quot;effect&quot;:&quot;slide&quot;,&quot;speed&quot;:500}\" data-widget_type=\"image-carousel.default\">\n\t\t\t\t<div class=\"elementor-widget-container\">\n\t\t\t\t\t\t\t<div class=\"elementor-image-carousel-wrapper swiper\" role=\"region\" aria-roledescription=\"carousel\" aria-label=\"Carrousel d\u2019images\" dir=\"ltr\">\n\t\t\t<div class=\"elementor-image-carousel swiper-wrapper\" aria-live=\"off\">\n\t\t\t\t\t\t\t\t<div class=\"swiper-slide\" role=\"group\" aria-roledescription=\"slide\" aria-label=\"1 sur 1\"><figure class=\"swiper-slide-inner\"><img decoding=\"async\" class=\"swiper-slide-image\" src=\"https:\/\/congopubonline.com\/wp-content\/uploads\/2026\/02\/Five.jpg\" alt=\"Five\" \/><\/figure><\/div>\t\t\t<\/div>\n\t\t\t\t\t<\/div>\n\t\t\t\t\t\t<\/div>\n\t\t\t\t<\/div>\n\t\t\t\t<div class=\"elementor-element elementor-element-348d1b0 elementor-widget elementor-widget-image-carousel\" data-id=\"348d1b0\" data-element_type=\"widget\" data-settings=\"{&quot;slides_to_show&quot;:&quot;1&quot;,&quot;navigation&quot;:&quot;none&quot;,&quot;autoplay&quot;:&quot;yes&quot;,&quot;pause_on_hover&quot;:&quot;yes&quot;,&quot;pause_on_interaction&quot;:&quot;yes&quot;,&quot;autoplay_speed&quot;:5000,&quot;infinite&quot;:&quot;yes&quot;,&quot;effect&quot;:&quot;slide&quot;,&quot;speed&quot;:500}\" data-widget_type=\"image-carousel.default\">\n\t\t\t\t<div class=\"elementor-widget-container\">\n\t\t\t\t\t\t\t<div class=\"elementor-image-carousel-wrapper swiper\" role=\"region\" aria-roledescription=\"carousel\" aria-label=\"Carrousel d\u2019images\" dir=\"ltr\">\n\t\t\t<div class=\"elementor-image-carousel swiper-wrapper\" aria-live=\"off\">\n\t\t\t\t\t\t\t\t<div class=\"swiper-slide\" role=\"group\" aria-roledescription=\"slide\" aria-label=\"1 sur 2\"><figure class=\"swiper-slide-inner\"><img decoding=\"async\" class=\"swiper-slide-image\" src=\"https:\/\/congopubonline.com\/wp-content\/uploads\/2026\/02\/Iftar.jpg\" alt=\"Iftar\" \/><\/figure><\/div><div class=\"swiper-slide\" role=\"group\" aria-roledescription=\"slide\" aria-label=\"2 sur 2\"><figure class=\"swiper-slide-inner\"><img decoding=\"async\" class=\"swiper-slide-image\" src=\"https:\/\/congopubonline.com\/wp-content\/uploads\/2026\/02\/Atelier.jpg\" alt=\"Atelier\" \/><\/figure><\/div>\t\t\t<\/div>\n\t\t\t\t\t\t\t\n\t\t\t\t\t\t\t\t\t<\/div>\n\t\t\t\t\t\t<\/div>\n\t\t\t\t<\/div>\n\t\t\t\t\t<\/div>\n\t\t<\/div>\n\t\t\t\t\t<\/div>\n\t\t<\/section>\n\t\t\t\t<\/div>\n\t\t<\/div>\n\t\t\t\t\t\t<\/div>\n\t\t\t\t<\/div>\n\t\t\t\t\t<\/div>\n\t\t<\/div>\n\t\t\t\t\t<\/div>\n\t\t<\/section>\n\t\t\t\t<\/div>\n\t\t","protected":false},"excerpt":{"rendered":"<p>Toutes les attributions This message appears for administrator users only Small ListNo Post Found! ATTRIBUTION DE MARCHE : DECISION D\u2019ATTRIBUTION PROVISOIRE ACCORDEE A LA FIRME GAET G2C RELATIVE AUX TRAVAUX&hellip;<\/p>\n","protected":false},"author":2,"featured_media":0,"parent":0,"menu_order":0,"comment_status":"closed","ping_status":"closed","template":"","meta":{"content-type":"","_monsterinsights_skip_tracking":false,"_monsterinsights_sitenote_active":false,"_monsterinsights_sitenote_note":"","_monsterinsights_sitenote_category":0,"footnotes":""},"class_list":["post-8890","page","type-page","status-publish","hentry"],"yoast_head":"<!-- This site is optimized with the Yoast SEO Premium plugin v25.4 (Yoast SEO v25.4) - https:\/\/yoast.com\/wordpress\/plugins\/seo\/ -->\n<title>ATTRIBUTION DES MARCH\u00c9S - Congo Pub Online<\/title>\n<meta name=\"description\" content=\"Consultez et soyez informer sur les annonces r\u00e9centes d&#039;attribution des march\u00e9s en R\u00e9publique D\u00e9mocratique du Congo et au monde.\" \/>\n<meta name=\"robots\" content=\"index, follow, max-snippet:-1, max-image-preview:large, max-video-preview:-1\" \/>\n<link rel=\"canonical\" href=\"https:\/\/congopubonline.com\/?page_id=8890\" \/>\n<meta property=\"og:locale\" content=\"fr_FR\" \/>\n<meta property=\"og:type\" content=\"article\" \/>\n<meta property=\"og:title\" content=\"ATTRIBUTION DES MARCH\u00c9S\" \/>\n<meta property=\"og:description\" content=\"Consultez et soyez informer sur les annonces r\u00e9centes d&#039;attribution des march\u00e9s en R\u00e9publique D\u00e9mocratique du Congo et au monde.\" \/>\n<meta property=\"og:url\" content=\"https:\/\/congopubonline.com\/?page_id=8890\" \/>\n<meta property=\"og:site_name\" content=\"Congo Pub Online\" \/>\n<meta property=\"article:publisher\" content=\"https:\/\/web.facebook.com\/Congopubonline\" \/>\n<meta property=\"article:modified_time\" content=\"2024-08-22T10:26:24+00:00\" \/>\n<meta property=\"og:image\" content=\"https:\/\/congopubonline.com\/wp-content\/uploads\/elementor\/thumbs\/FlashApp-pzvpj19e0qlyt2fhyxo1romp0zia8erfca0cf0os1s.jpg\" \/>\n<meta name=\"twitter:card\" content=\"summary_large_image\" \/>\n<meta name=\"twitter:site\" content=\"@CONGOPUBOnline\" \/>\n<meta name=\"twitter:label1\" content=\"Dur\u00e9e de lecture estim\u00e9e\" \/>\n\t<meta name=\"twitter:data1\" content=\"6 minutes\" \/>\n<script type=\"application\/ld+json\" class=\"yoast-schema-graph\">{\"@context\":\"https:\/\/schema.org\",\"@graph\":[{\"@type\":\"WebPage\",\"@id\":\"https:\/\/congopubonline.com\/?page_id=8890\",\"url\":\"https:\/\/congopubonline.com\/?page_id=8890\",\"name\":\"ATTRIBUTION DES MARCH\u00c9S - Congo Pub Online\",\"isPartOf\":{\"@id\":\"https:\/\/congopubonline.com\/#website\"},\"primaryImageOfPage\":{\"@id\":\"https:\/\/congopubonline.com\/?page_id=8890#primaryimage\"},\"image\":{\"@id\":\"https:\/\/congopubonline.com\/?page_id=8890#primaryimage\"},\"thumbnailUrl\":\"https:\/\/congopubonline.com\/wp-content\/uploads\/elementor\/thumbs\/FlashApp-pzvpj19e0qlyt2fhyxo1romp0zia8erfca0cf0os1s.jpg\",\"datePublished\":\"2022-08-03T11:43:26+00:00\",\"dateModified\":\"2024-08-22T10:26:24+00:00\",\"description\":\"Consultez et soyez informer sur les annonces r\u00e9centes d'attribution des march\u00e9s en R\u00e9publique D\u00e9mocratique du Congo et au monde.\",\"breadcrumb\":{\"@id\":\"https:\/\/congopubonline.com\/?page_id=8890#breadcrumb\"},\"inLanguage\":\"fr-FR\",\"potentialAction\":[{\"@type\":\"ReadAction\",\"target\":[\"https:\/\/congopubonline.com\/?page_id=8890\"]}]},{\"@type\":\"ImageObject\",\"inLanguage\":\"fr-FR\",\"@id\":\"https:\/\/congopubonline.com\/?page_id=8890#primaryimage\",\"url\":\"https:\/\/congopubonline.com\/wp-content\/uploads\/elementor\/thumbs\/FlashApp-pzvpj19e0qlyt2fhyxo1romp0zia8erfca0cf0os1s.jpg\",\"contentUrl\":\"https:\/\/congopubonline.com\/wp-content\/uploads\/elementor\/thumbs\/FlashApp-pzvpj19e0qlyt2fhyxo1romp0zia8erfca0cf0os1s.jpg\"},{\"@type\":\"BreadcrumbList\",\"@id\":\"https:\/\/congopubonline.com\/?page_id=8890#breadcrumb\",\"itemListElement\":[{\"@type\":\"ListItem\",\"position\":1,\"name\":\"Accueil\",\"item\":\"https:\/\/congopubonline.com\/\"},{\"@type\":\"ListItem\",\"position\":2,\"name\":\"ATTRIBUTION DES MARCH\u00c9S\"}]},{\"@type\":\"WebSite\",\"@id\":\"https:\/\/congopubonline.com\/#website\",\"url\":\"https:\/\/congopubonline.com\/\",\"name\":\"Congo Pub Online\",\"description\":\"Votre site d&#039;actualit\u00e9\",\"publisher\":{\"@id\":\"https:\/\/congopubonline.com\/#organization\"},\"alternateName\":\"Marketing 3.0\",\"potentialAction\":[{\"@type\":\"SearchAction\",\"target\":{\"@type\":\"EntryPoint\",\"urlTemplate\":\"https:\/\/congopubonline.com\/?s={search_term_string}\"},\"query-input\":{\"@type\":\"PropertyValueSpecification\",\"valueRequired\":true,\"valueName\":\"search_term_string\"}}],\"inLanguage\":\"fr-FR\"},{\"@type\":\"Organization\",\"@id\":\"https:\/\/congopubonline.com\/#organization\",\"name\":\"Congo Pub Online\",\"url\":\"https:\/\/congopubonline.com\/\",\"logo\":{\"@type\":\"ImageObject\",\"inLanguage\":\"fr-FR\",\"@id\":\"https:\/\/congopubonline.com\/#\/schema\/logo\/image\/\",\"url\":\"https:\/\/congopubonline.com\/wp-content\/uploads\/2022\/09\/LOGO_CONGO-PUB-Online_Version-2.jpg\",\"contentUrl\":\"https:\/\/congopubonline.com\/wp-content\/uploads\/2022\/09\/LOGO_CONGO-PUB-Online_Version-2.jpg\",\"width\":374,\"height\":223,\"caption\":\"Congo Pub Online\"},\"image\":{\"@id\":\"https:\/\/congopubonline.com\/#\/schema\/logo\/image\/\"},\"sameAs\":[\"https:\/\/web.facebook.com\/Congopubonline\",\"https:\/\/x.com\/CONGOPUBOnline\"]}]}<\/script>\n<!-- \/ Yoast SEO Premium plugin. -->","yoast_head_json":{"title":"ATTRIBUTION DES MARCH\u00c9S - Congo Pub Online","description":"Consultez et soyez informer sur les annonces r\u00e9centes d'attribution des march\u00e9s en R\u00e9publique D\u00e9mocratique du Congo et au monde.","robots":{"index":"index","follow":"follow","max-snippet":"max-snippet:-1","max-image-preview":"max-image-preview:large","max-video-preview":"max-video-preview:-1"},"canonical":"https:\/\/congopubonline.com\/?page_id=8890","og_locale":"fr_FR","og_type":"article","og_title":"ATTRIBUTION DES MARCH\u00c9S","og_description":"Consultez et soyez informer sur les annonces r\u00e9centes d'attribution des march\u00e9s en R\u00e9publique D\u00e9mocratique du Congo et au monde.","og_url":"https:\/\/congopubonline.com\/?page_id=8890","og_site_name":"Congo Pub Online","article_publisher":"https:\/\/web.facebook.com\/Congopubonline","article_modified_time":"2024-08-22T10:26:24+00:00","og_image":[{"url":"https:\/\/congopubonline.com\/wp-content\/uploads\/elementor\/thumbs\/FlashApp-pzvpj19e0qlyt2fhyxo1romp0zia8erfca0cf0os1s.jpg","type":"","width":"","height":""}],"twitter_card":"summary_large_image","twitter_site":"@CONGOPUBOnline","twitter_misc":{"Dur\u00e9e de lecture estim\u00e9e":"6 minutes"},"schema":{"@context":"https:\/\/schema.org","@graph":[{"@type":"WebPage","@id":"https:\/\/congopubonline.com\/?page_id=8890","url":"https:\/\/congopubonline.com\/?page_id=8890","name":"ATTRIBUTION DES MARCH\u00c9S - Congo Pub Online","isPartOf":{"@id":"https:\/\/congopubonline.com\/#website"},"primaryImageOfPage":{"@id":"https:\/\/congopubonline.com\/?page_id=8890#primaryimage"},"image":{"@id":"https:\/\/congopubonline.com\/?page_id=8890#primaryimage"},"thumbnailUrl":"https:\/\/congopubonline.com\/wp-content\/uploads\/elementor\/thumbs\/FlashApp-pzvpj19e0qlyt2fhyxo1romp0zia8erfca0cf0os1s.jpg","datePublished":"2022-08-03T11:43:26+00:00","dateModified":"2024-08-22T10:26:24+00:00","description":"Consultez et soyez informer sur les annonces r\u00e9centes d'attribution des march\u00e9s en R\u00e9publique D\u00e9mocratique du Congo et au monde.","breadcrumb":{"@id":"https:\/\/congopubonline.com\/?page_id=8890#breadcrumb"},"inLanguage":"fr-FR","potentialAction":[{"@type":"ReadAction","target":["https:\/\/congopubonline.com\/?page_id=8890"]}]},{"@type":"ImageObject","inLanguage":"fr-FR","@id":"https:\/\/congopubonline.com\/?page_id=8890#primaryimage","url":"https:\/\/congopubonline.com\/wp-content\/uploads\/elementor\/thumbs\/FlashApp-pzvpj19e0qlyt2fhyxo1romp0zia8erfca0cf0os1s.jpg","contentUrl":"https:\/\/congopubonline.com\/wp-content\/uploads\/elementor\/thumbs\/FlashApp-pzvpj19e0qlyt2fhyxo1romp0zia8erfca0cf0os1s.jpg"},{"@type":"BreadcrumbList","@id":"https:\/\/congopubonline.com\/?page_id=8890#breadcrumb","itemListElement":[{"@type":"ListItem","position":1,"name":"Accueil","item":"https:\/\/congopubonline.com\/"},{"@type":"ListItem","position":2,"name":"ATTRIBUTION DES MARCH\u00c9S"}]},{"@type":"WebSite","@id":"https:\/\/congopubonline.com\/#website","url":"https:\/\/congopubonline.com\/","name":"Congo Pub Online","description":"Votre site d&#039;actualit\u00e9","publisher":{"@id":"https:\/\/congopubonline.com\/#organization"},"alternateName":"Marketing 3.0","potentialAction":[{"@type":"SearchAction","target":{"@type":"EntryPoint","urlTemplate":"https:\/\/congopubonline.com\/?s={search_term_string}"},"query-input":{"@type":"PropertyValueSpecification","valueRequired":true,"valueName":"search_term_string"}}],"inLanguage":"fr-FR"},{"@type":"Organization","@id":"https:\/\/congopubonline.com\/#organization","name":"Congo Pub Online","url":"https:\/\/congopubonline.com\/","logo":{"@type":"ImageObject","inLanguage":"fr-FR","@id":"https:\/\/congopubonline.com\/#\/schema\/logo\/image\/","url":"https:\/\/congopubonline.com\/wp-content\/uploads\/2022\/09\/LOGO_CONGO-PUB-Online_Version-2.jpg","contentUrl":"https:\/\/congopubonline.com\/wp-content\/uploads\/2022\/09\/LOGO_CONGO-PUB-Online_Version-2.jpg","width":374,"height":223,"caption":"Congo Pub Online"},"image":{"@id":"https:\/\/congopubonline.com\/#\/schema\/logo\/image\/"},"sameAs":["https:\/\/web.facebook.com\/Congopubonline","https:\/\/x.com\/CONGOPUBOnline"]}]}},"_links":{"self":[{"href":"https:\/\/congopubonline.com\/index.php?rest_route=\/wp\/v2\/pages\/8890","targetHints":{"allow":["GET"]}}],"collection":[{"href":"https:\/\/congopubonline.com\/index.php?rest_route=\/wp\/v2\/pages"}],"about":[{"href":"https:\/\/congopubonline.com\/index.php?rest_route=\/wp\/v2\/types\/page"}],"author":[{"embeddable":true,"href":"https:\/\/congopubonline.com\/index.php?rest_route=\/wp\/v2\/users\/2"}],"replies":[{"embeddable":true,"href":"https:\/\/congopubonline.com\/index.php?rest_route=%2Fwp%2Fv2%2Fcomments&post=8890"}],"version-history":[{"count":0,"href":"https:\/\/congopubonline.com\/index.php?rest_route=\/wp\/v2\/pages\/8890\/revisions"}],"wp:attachment":[{"href":"https:\/\/congopubonline.com\/index.php?rest_route=%2Fwp%2Fv2%2Fmedia&parent=8890"}],"curies":[{"name":"wp","href":"https:\/\/api.w.org\/{rel}","templated":true}]}}